{"id":2594,"date":"2025-08-04T08:46:09","date_gmt":"2025-08-04T06:46:09","guid":{"rendered":"https:\/\/www.sandalj.com\/accessibilita\/"},"modified":"2025-08-04T09:17:09","modified_gmt":"2025-08-04T07:17:09","slug":"accessibility","status":"publish","type":"page","link":"https:\/\/www.sandalj.com\/en\/accessibility\/","title":{"rendered":"Accessibilit\u00e0"},"content":{"rendered":"<h3><b>Introduzione<\/b><\/h3>\n<p><span style=\"font-weight: 400;\">L\u2019accessibilit\u00e0 digitale rappresenta per noi un impegno costante, volto a garantire un\u2019esperienza di navigazione inclusiva e fruibile da parte di tutte le persone, indipendentemente dalle proprie capacit\u00e0, competenze o strumenti utilizzati.<\/span><\/p>\n<p><span style=\"font-weight: 400;\">Impegno che trova la propria valorizzazione, oltrech\u00e9 sotto il profilo dei valori societari, anche nella tutela dei diritti fondamentali di ogni individuo all&#8217;accesso alle informazioni e ai servizi, inclusi quelli informatici e telematici, come sancito dalla Legge 9 gennaio 2004, n. 4 (cd. &#8220;Legge Stanca&#8221;), in piena ottemperanza al principio di uguaglianza sostanziale di cui all&#8217;articolo 3 della Costituzione Italiana.\u00a0<\/span><\/p>\n<p><span style=\"font-weight: 400;\">\u00c8 sulla base di tali principi e tutele, in linea con gli impegni assunti dall&#8217;Italia e dall&#8217;Unione Europea in virt\u00f9 della Convenzione delle Nazioni Unite sui diritti delle persone con disabilit\u00e0 (UNCRPD), che la nostra Azienda intende promuovere la piena ed effettiva partecipazione sociale attraverso la rimozione e la prevenzione sistematica delle barriere digitali, assicurando un accesso paritario alle informazioni da parte di tutti gli individui.\u00a0<\/span><\/p>\n<p><span style=\"font-weight: 400;\">La garanzia dell&#8217;accessibilit\u00e0 non si limita quindi a un mero adempimento formale, ma rappresenta un&#8217;espressione concreta della volont\u00e0 di promuovere un&#8217;autentica inclusione digitale per tutti.<\/span><\/p>\n<p>&nbsp;<\/p>\n<h3><b>Adeguamento del sito<\/b><\/h3>\n<p><span style=\"font-weight: 400;\">Il presente sito web \u00e8 stato adeguato in conformit\u00e0 ai requisiti di accessibilit\u00e0 previsti dalla normativa vigente, ispirandosi alle <\/span><b>Linee guida WCAG 2.1 &#8211; livello AA<\/b><span style=\"font-weight: 400;\"> e al <\/span><b>Decreto legislativo 10 agosto 2018, n. 106<\/b><span style=\"font-weight: 400;\">, in recepimento della Direttiva (UE) 2016\/2102.<\/span><\/p>\n<p><span style=\"font-weight: 400;\">L\u2019intervento di adeguamento ha avuto come obiettivo principale il miglioramento dell\u2019esperienza utente per tutte le persone. Ci impegniamo a mantenere elevati standard di accessibilit\u00e0, monitorando periodicamente la piattaforma e aggiornando i contenuti e le funzionalit\u00e0.<\/span><\/p>\n<h3><b>Modalit\u00e0 di invio delle segnalazioni e recapiti<\/b><\/h3>\n<p><span style=\"font-weight: 400;\">Per segnalare eventuali problematiche di accessibilit\u00e0, \u00e8 possibile utilizzare i seguenti canali:<\/span><\/p>\n<ul>\n<li style=\"font-weight: 400;\" aria-level=\"1\"><span style=\"font-weight: 400;\">Inviare una email all\u2019indirizzo: <a href=\"mailto:info@sandalj.com\" data-animation=\"button\" data-animation-once=\"\">info@sandalj.com<\/a><\/span><\/li>\n<li style=\"font-weight: 400;\" aria-level=\"1\"><span style=\"font-weight: 400;\">Utilizzare eventuali strumenti di contatto presenti sul sito web.<\/span><\/li>\n<\/ul>\n<p><span style=\"font-weight: 400;\">I referenti incaricati della gestione delle segnalazioni ricevute sono indicati nel presente sito e si impegnano a prenderle in carico nel minor tempo possibile.<\/span><\/p>\n<h3><b>Segnalazioni all\u2019AgID<\/b><\/h3>\n<p><span style=\"font-weight: 400;\">Nel caso in cui la risposta ricevuta a seguito della segnalazione risulti insoddisfacente, oppure in caso di mancata risposta entro 30 giorni, l\u2019utente pu\u00f2 presentare un\u2019ulteriore segnalazione all\u2019Agenzia per l\u2019Italia Digitale (AgID) attraverso i canali indicati nel sito istituzionale.<\/span><\/p>\n<p><span style=\"font-weight: 400;\">\ud83d\udd17 Maggiori informazioni sono disponibili al seguente link:<\/span><span style=\"font-weight: 400;\"><br \/>\n<\/span><a href=\"https:\/\/www.agid.gov.it\/it\/design-servizi\/accessibilita\/linee-guida-accessibilita-privati\" target=\"_blank\" rel=\"noopener\"> <span style=\"font-weight: 400;\">https:\/\/www.agid.gov.it\/it\/design-servizi\/accessibilita\/linee-guida-accessibilita-privati<\/span><\/a><\/p>\n<p><i><span style=\"font-weight: 400;\">Nota: alla data di pubblicazione di questa pagina, AgID non ha ancora attivato una procedura ufficiale per l\u2019invio delle segnalazioni da parte dei soggetti privati.<\/span><\/i><\/p>\n<p>&nbsp;<\/p>\n<h3><b>Informazioni generali sul sito<\/b><\/h3>\n<ul>\n<li style=\"font-weight: 400;\" aria-level=\"1\"><b>Data di pubblicazione del sito web<\/b><span style=\"font-weight: 400;\">: <\/span><span style=\"font-weight: 400;\">settembre 2023<\/span><\/li>\n<li style=\"font-weight: 400;\" aria-level=\"1\"><b>Data di caricamento adeguamenti EAA per livello AA:<\/b> 20<span style=\"font-weight: 400;\">.06.2025<\/span><\/li>\n<li style=\"font-weight: 400;\" aria-level=\"1\"><b>Test di usabilit\u00e0 effettuati<\/b><span style=\"font-weight: 400;\">: S\u00ec<\/span><\/li>\n<li style=\"font-weight: 400;\" aria-level=\"1\"><b>CMS utilizzato<\/b><span style=\"font-weight: 400;\">: WordPress con aggiornamenti alle ultime versioni<\/span><\/li>\n<li style=\"font-weight: 400;\" aria-level=\"1\"><b>Presenza dichiarazione di conformit\u00e0 all\u2019accessibilit\u00e0: <\/b><span style=\"font-weight: 400;\">S\u00ec<\/span><\/li>\n<li style=\"font-weight: 400;\" aria-level=\"1\"><b>Data realizzazione dichiarazione:<\/b> <span style=\"font-weight: 400;\">20.06.2025 (verificata annualmente)<\/span><\/li>\n<\/ul>\n","protected":false},"excerpt":{"rendered":"<p>Introduzione L\u2019accessibilit\u00e0 digitale rappresenta per noi un impegno costante, volto a garantire un\u2019esperienza di navigazione inclusiva e fruibile da parte di tutte le persone, indipendentemente dalle proprie capacit\u00e0, competenze o strumenti utilizzati. Impegno che trova la propria valorizzazione, oltrech\u00e9 sotto il profilo dei valori societari, anche nella tutela dei diritti fondamentali di ogni individuo all&#8217;accesso [&hellip;]<\/p>\n","protected":false},"author":1,"featured_media":0,"parent":0,"menu_order":1,"comment_status":"closed","ping_status":"closed","template":"page-privacy.php","meta":{"inline_featured_image":false,"footnotes":""},"class_list":["post-2594","page","type-page","status-publish","hentry"],"acf":[],"_links":{"self":[{"href":"https:\/\/www.sandalj.com\/en\/wp-json\/wp\/v2\/pages\/2594","targetHints":{"allow":["GET"]}}],"collection":[{"href":"https:\/\/www.sandalj.com\/en\/wp-json\/wp\/v2\/pages"}],"about":[{"href":"https:\/\/www.sandalj.com\/en\/wp-json\/wp\/v2\/types\/page"}],"author":[{"embeddable":true,"href":"https:\/\/www.sandalj.com\/en\/wp-json\/wp\/v2\/users\/1"}],"replies":[{"embeddable":true,"href":"https:\/\/www.sandalj.com\/en\/wp-json\/wp\/v2\/comments?post=2594"}],"version-history":[{"count":1,"href":"https:\/\/www.sandalj.com\/en\/wp-json\/wp\/v2\/pages\/2594\/revisions"}],"predecessor-version":[{"id":2595,"href":"https:\/\/www.sandalj.com\/en\/wp-json\/wp\/v2\/pages\/2594\/revisions\/2595"}],"wp:attachment":[{"href":"https:\/\/www.sandalj.com\/en\/wp-json\/wp\/v2\/media?parent=2594"}],"curies":[{"name":"wp","href":"https:\/\/api.w.org\/{rel}","templated":true}]}}